{"id":2386,"date":"2026-01-15T10:19:26","date_gmt":"2026-01-15T09:19:26","guid":{"rendered":"https:\/\/www.chateaudebellet.com\/basket\/"},"modified":"2026-03-31T10:04:00","modified_gmt":"2026-03-31T08:04:00","slug":"basket","status":"publish","type":"page","link":"https:\/\/www.chateaudebellet.com\/en\/basket\/","title":{"rendered":"Basket"},"content":{"rendered":"\t\t<div data-elementor-type=\"wp-page\" data-elementor-id=\"2386\" class=\"elementor elementor-2386 elementor-34\" data-elementor-post-type=\"page\">\n\t\t\t\t<div class=\"elementor-element elementor-element-592d4404 e-flex e-con-boxed e-con e-parent\" data-id=\"592d4404\" data-element_type=\"container\" data-e-type=\"container\">\n\t\t\t\t\t<div class=\"e-con-inner\">\n\t\t\t\t<div class=\"elementor-element elementor-element-61615e5 elementor-widget elementor-widget-heading\" data-id=\"61615e5\" data-element_type=\"widget\" data-e-type=\"widget\" data-widget_type=\"heading.default\">\n\t\t\t\t\t<h1 class=\"elementor-heading-title elementor-size-default\">My basket<\/h1>\t\t\t\t<\/div>\n\t\t\t\t\t<\/div>\n\t\t\t\t<\/div>\n\t\t\t\t<\/div>\n\t\t","protected":false},"excerpt":{"rendered":"<p>My basket Supprimer l\u2019\u00e9l\u00e9ment Miniature Produit Prix Quantit\u00e9 Sous-total &times; Public tour Date: 31\/03\/2026 Heure: 14:00 20,00&nbsp;&euro; quantit\u00e9 de Public tour&nbsp; 60,00&nbsp;&euro; Appliquer le code promo Totaux du panier Sous-total 60,00&nbsp;&euro; Total 60,00&nbsp;&euro; (dont 10,00&nbsp;&euro; TVA 20%) Passer \u00e0 la commande<\/p>\n","protected":false},"author":1,"featured_media":0,"parent":0,"menu_order":14,"comment_status":"closed","ping_status":"closed","template":"","meta":{"_acf_changed":false,"footnotes":""},"categories":[],"tags":[],"class_list":["post-2386","page","type-page","status-publish","hentry"],"acf":[],"yoast_head":"<!-- This site is optimized with the Yoast SEO plugin v27.3 - https:\/\/yoast.com\/product\/yoast-seo-wordpress\/ -->\n<title>Basket - Chateau de Bellet<\/title>\n<meta name=\"robots\" content=\"index, follow, max-snippet:-1, max-image-preview:large, max-video-preview:-1\" \/>\n<link rel=\"canonical\" href=\"https:\/\/www.chateaudebellet.com\/en\/basket\/\" \/>\n<meta property=\"og:locale\" content=\"en_US\" \/>\n<meta property=\"og:type\" content=\"article\" \/>\n<meta property=\"og:title\" content=\"Basket - Chateau de Bellet\" \/>\n<meta property=\"og:description\" content=\"My basket Supprimer l\u2019\u00e9l\u00e9ment Miniature Produit Prix Quantit\u00e9 Sous-total &times; Public tour Date: 31\/03\/2026 Heure: 14:00 20,00&nbsp;&euro; quantit\u00e9 de Public tour&nbsp; 60,00&nbsp;&euro; Appliquer le code promo Totaux du panier Sous-total 60,00&nbsp;&euro; Total 60,00&nbsp;&euro; (dont 10,00&nbsp;&euro; TVA 20%) Passer \u00e0 la commande\" \/>\n<meta property=\"og:url\" content=\"https:\/\/www.chateaudebellet.com\/en\/basket\/\" \/>\n<meta property=\"og:site_name\" content=\"Chateau de Bellet\" \/>\n<meta property=\"article:modified_time\" content=\"2026-03-31T08:04:00+00:00\" \/>\n<meta property=\"og:image\" content=\"https:\/\/www.chateaudebellet.com\/wp-content\/uploads\/2026\/01\/visite-450x385.webp\" \/>\n<meta name=\"twitter:card\" content=\"summary_large_image\" \/>\n<meta name=\"twitter:label1\" content=\"Est. reading time\" \/>\n\t<meta name=\"twitter:data1\" content=\"1 minute\" \/>\n<script type=\"application\/ld+json\" class=\"yoast-schema-graph\">{\"@context\":\"https:\\\/\\\/schema.org\",\"@graph\":[{\"@type\":\"WebPage\",\"@id\":\"https:\\\/\\\/www.chateaudebellet.com\\\/en\\\/basket\\\/\",\"url\":\"https:\\\/\\\/www.chateaudebellet.com\\\/en\\\/basket\\\/\",\"name\":\"Basket - Chateau de Bellet\",\"isPartOf\":{\"@id\":\"https:\\\/\\\/www.chateaudebellet.com\\\/en\\\/#website\"},\"primaryImageOfPage\":{\"@id\":\"https:\\\/\\\/www.chateaudebellet.com\\\/en\\\/basket\\\/#primaryimage\"},\"image\":{\"@id\":\"https:\\\/\\\/www.chateaudebellet.com\\\/en\\\/basket\\\/#primaryimage\"},\"thumbnailUrl\":\"https:\\\/\\\/www.chateaudebellet.com\\\/wp-content\\\/uploads\\\/2026\\\/01\\\/visite-450x385.webp\",\"datePublished\":\"2026-01-15T09:19:26+00:00\",\"dateModified\":\"2026-03-31T08:04:00+00:00\",\"breadcrumb\":{\"@id\":\"https:\\\/\\\/www.chateaudebellet.com\\\/en\\\/basket\\\/#breadcrumb\"},\"inLanguage\":\"en-US\",\"potentialAction\":[{\"@type\":\"ReadAction\",\"target\":[\"https:\\\/\\\/www.chateaudebellet.com\\\/en\\\/basket\\\/\"]}]},{\"@type\":\"ImageObject\",\"inLanguage\":\"en-US\",\"@id\":\"https:\\\/\\\/www.chateaudebellet.com\\\/en\\\/basket\\\/#primaryimage\",\"url\":\"https:\\\/\\\/www.chateaudebellet.com\\\/wp-content\\\/uploads\\\/2026\\\/01\\\/visite-450x385.webp\",\"contentUrl\":\"https:\\\/\\\/www.chateaudebellet.com\\\/wp-content\\\/uploads\\\/2026\\\/01\\\/visite-450x385.webp\"},{\"@type\":\"BreadcrumbList\",\"@id\":\"https:\\\/\\\/www.chateaudebellet.com\\\/en\\\/basket\\\/#breadcrumb\",\"itemListElement\":[{\"@type\":\"ListItem\",\"position\":1,\"name\":\"Accueil\",\"item\":\"https:\\\/\\\/www.chateaudebellet.com\\\/en\\\/\"},{\"@type\":\"ListItem\",\"position\":2,\"name\":\"Basket\"}]},{\"@type\":\"WebSite\",\"@id\":\"https:\\\/\\\/www.chateaudebellet.com\\\/en\\\/#website\",\"url\":\"https:\\\/\\\/www.chateaudebellet.com\\\/en\\\/\",\"name\":\"Chateau de Bellet\",\"description\":\"Un vignoble Ni\u00e7ois charg\u00e9 d\u2019histoire\",\"publisher\":{\"@id\":\"https:\\\/\\\/www.chateaudebellet.com\\\/en\\\/#organization\"},\"potentialAction\":[{\"@type\":\"SearchAction\",\"target\":{\"@type\":\"EntryPoint\",\"urlTemplate\":\"https:\\\/\\\/www.chateaudebellet.com\\\/en\\\/?s={search_term_string}\"},\"query-input\":{\"@type\":\"PropertyValueSpecification\",\"valueRequired\":true,\"valueName\":\"search_term_string\"}}],\"inLanguage\":\"en-US\"},{\"@type\":\"Organization\",\"@id\":\"https:\\\/\\\/www.chateaudebellet.com\\\/en\\\/#Organization\\\/\",\"name\":\"Chateau de Bellet\",\"url\":\"https:\\\/\\\/www.chateaudebellet.com\\\/en\\\/\",\"logo\":{\"@type\":\"ImageObject\",\"inLanguage\":\"en-US\",\"@id\":\"https:\\\/\\\/www.chateaudebellet.com\\\/en\\\/#\\\/schema\\\/logo\\\/image\\\/\",\"url\":\"https:\\\/\\\/www.chateaudebellet.com\\\/wp-content\\\/uploads\\\/2026\\\/01\\\/logo-noir-chateau-de-bellet-domaine-vignoble-nice.webp\",\"contentUrl\":\"https:\\\/\\\/www.chateaudebellet.com\\\/wp-content\\\/uploads\\\/2026\\\/01\\\/logo-noir-chateau-de-bellet-domaine-vignoble-nice.webp\",\"width\":346,\"height\":89,\"caption\":\"Chateau de Bellet\"},\"image\":{\"@id\":\"https:\\\/\\\/www.chateaudebellet.com\\\/en\\\/#\\\/schema\\\/logo\\\/image\\\/\"},\"contactPoint\":[]}]}<\/script>\n<!-- \/ Yoast SEO plugin. -->","yoast_head_json":{"title":"Basket - Chateau de Bellet","robots":{"index":"index","follow":"follow","max-snippet":"max-snippet:-1","max-image-preview":"max-image-preview:large","max-video-preview":"max-video-preview:-1"},"canonical":"https:\/\/www.chateaudebellet.com\/en\/basket\/","og_locale":"en_US","og_type":"article","og_title":"Basket - Chateau de Bellet","og_description":"My basket Supprimer l\u2019\u00e9l\u00e9ment Miniature Produit Prix Quantit\u00e9 Sous-total &times; Public tour Date: 31\/03\/2026 Heure: 14:00 20,00&nbsp;&euro; quantit\u00e9 de Public tour&nbsp; 60,00&nbsp;&euro; Appliquer le code promo Totaux du panier Sous-total 60,00&nbsp;&euro; Total 60,00&nbsp;&euro; (dont 10,00&nbsp;&euro; TVA 20%) Passer \u00e0 la commande","og_url":"https:\/\/www.chateaudebellet.com\/en\/basket\/","og_site_name":"Chateau de Bellet","article_modified_time":"2026-03-31T08:04:00+00:00","og_image":[{"url":"https:\/\/www.chateaudebellet.com\/wp-content\/uploads\/2026\/01\/visite-450x385.webp","type":"","width":"","height":""}],"twitter_card":"summary_large_image","twitter_misc":{"Est. reading time":"1 minute"},"schema":{"@context":"https:\/\/schema.org","@graph":[{"@type":"WebPage","@id":"https:\/\/www.chateaudebellet.com\/en\/basket\/","url":"https:\/\/www.chateaudebellet.com\/en\/basket\/","name":"Basket - Chateau de Bellet","isPartOf":{"@id":"https:\/\/www.chateaudebellet.com\/en\/#website"},"primaryImageOfPage":{"@id":"https:\/\/www.chateaudebellet.com\/en\/basket\/#primaryimage"},"image":{"@id":"https:\/\/www.chateaudebellet.com\/en\/basket\/#primaryimage"},"thumbnailUrl":"https:\/\/www.chateaudebellet.com\/wp-content\/uploads\/2026\/01\/visite-450x385.webp","datePublished":"2026-01-15T09:19:26+00:00","dateModified":"2026-03-31T08:04:00+00:00","breadcrumb":{"@id":"https:\/\/www.chateaudebellet.com\/en\/basket\/#breadcrumb"},"inLanguage":"en-US","potentialAction":[{"@type":"ReadAction","target":["https:\/\/www.chateaudebellet.com\/en\/basket\/"]}]},{"@type":"ImageObject","inLanguage":"en-US","@id":"https:\/\/www.chateaudebellet.com\/en\/basket\/#primaryimage","url":"https:\/\/www.chateaudebellet.com\/wp-content\/uploads\/2026\/01\/visite-450x385.webp","contentUrl":"https:\/\/www.chateaudebellet.com\/wp-content\/uploads\/2026\/01\/visite-450x385.webp"},{"@type":"BreadcrumbList","@id":"https:\/\/www.chateaudebellet.com\/en\/basket\/#breadcrumb","itemListElement":[{"@type":"ListItem","position":1,"name":"Accueil","item":"https:\/\/www.chateaudebellet.com\/en\/"},{"@type":"ListItem","position":2,"name":"Basket"}]},{"@type":"WebSite","@id":"https:\/\/www.chateaudebellet.com\/en\/#website","url":"https:\/\/www.chateaudebellet.com\/en\/","name":"Chateau de Bellet","description":"Un vignoble Ni\u00e7ois charg\u00e9 d\u2019histoire","publisher":{"@id":"https:\/\/www.chateaudebellet.com\/en\/#organization"},"potentialAction":[{"@type":"SearchAction","target":{"@type":"EntryPoint","urlTemplate":"https:\/\/www.chateaudebellet.com\/en\/?s={search_term_string}"},"query-input":{"@type":"PropertyValueSpecification","valueRequired":true,"valueName":"search_term_string"}}],"inLanguage":"en-US"},{"@type":"Organization","@id":"https:\/\/www.chateaudebellet.com\/en\/#Organization\/","name":"Chateau de Bellet","url":"https:\/\/www.chateaudebellet.com\/en\/","logo":{"@type":"ImageObject","inLanguage":"en-US","@id":"https:\/\/www.chateaudebellet.com\/en\/#\/schema\/logo\/image\/","url":"https:\/\/www.chateaudebellet.com\/wp-content\/uploads\/2026\/01\/logo-noir-chateau-de-bellet-domaine-vignoble-nice.webp","contentUrl":"https:\/\/www.chateaudebellet.com\/wp-content\/uploads\/2026\/01\/logo-noir-chateau-de-bellet-domaine-vignoble-nice.webp","width":346,"height":89,"caption":"Chateau de Bellet"},"image":{"@id":"https:\/\/www.chateaudebellet.com\/en\/#\/schema\/logo\/image\/"},"contactPoint":[]}]}},"_links":{"self":[{"href":"https:\/\/www.chateaudebellet.com\/en\/wp-json\/wp\/v2\/pages\/2386","targetHints":{"allow":["GET"]}}],"collection":[{"href":"https:\/\/www.chateaudebellet.com\/en\/wp-json\/wp\/v2\/pages"}],"about":[{"href":"https:\/\/www.chateaudebellet.com\/en\/wp-json\/wp\/v2\/types\/page"}],"author":[{"embeddable":true,"href":"https:\/\/www.chateaudebellet.com\/en\/wp-json\/wp\/v2\/users\/1"}],"replies":[{"embeddable":true,"href":"https:\/\/www.chateaudebellet.com\/en\/wp-json\/wp\/v2\/comments?post=2386"}],"version-history":[{"count":23,"href":"https:\/\/www.chateaudebellet.com\/en\/wp-json\/wp\/v2\/pages\/2386\/revisions"}],"predecessor-version":[{"id":2434,"href":"https:\/\/www.chateaudebellet.com\/en\/wp-json\/wp\/v2\/pages\/2386\/revisions\/2434"}],"wp:attachment":[{"href":"https:\/\/www.chateaudebellet.com\/en\/wp-json\/wp\/v2\/media?parent=2386"}],"wp:term":[{"taxonomy":"category","embeddable":true,"href":"https:\/\/www.chateaudebellet.com\/en\/wp-json\/wp\/v2\/categories?post=2386"},{"taxonomy":"post_tag","embeddable":true,"href":"https:\/\/www.chateaudebellet.com\/en\/wp-json\/wp\/v2\/tags?post=2386"}],"curies":[{"name":"wp","href":"https:\/\/api.w.org\/{rel}","templated":true}]}}